{"id":180,"date":"2018-04-13T13:09:12","date_gmt":"2018-04-13T13:09:12","guid":{"rendered":"http:\/\/kangasmerkit.com\/?page_id=180"},"modified":"2023-06-28T09:27:33","modified_gmt":"2023-06-28T09:27:33","slug":"egnatygmarken-se-de-hallbaraste-markena","status":"publish","type":"page","link":"https:\/\/kangasmerkit.com\/sv\/","title":{"rendered":"Egnatygmarken.se \u2013 De h\u00e5llbaraste m\u00e4rkena"},"content":{"rendered":"<h2>Kangasmerkit.com \u2013 De h\u00e5llbaraste tygm\u00e4rkena<\/h2>\n<p>Beh\u00f6ver du tygm\u00e4rken till sponsorering eller marknadsf\u00f6ring av evenemang? F\u00f6rm\u00e5nliga overallm\u00e4rken till events f\u00f6r studeranden? Broderade m\u00e4rken till arbetskl\u00e4der eller idrottst\u00e4vlingar?<\/p>\n<p>Vi har 20 \u00e5rs erfarenhet och kan erbjuda dig tygm\u00e4rken av absolut h\u00f6gsta kvalitet. V\u00e5r enkla orderprocess g\u00f6r det enkelt f\u00f6r dig att utf\u00f6ra dina \u00e4renden hos oss och en offertf\u00f6rfr\u00e5gan \u00e4r alltid gratis. Vi har h\u00f6ga kvalitetskrav och vi garanterar att dina robusta tygm\u00e4rken anl\u00e4nder exakt n\u00e4r de beh\u00f6vs och att de t\u00e5l slitage. Vi erbjuder \u00e4ven expressleverans f\u00f6r dig som har br\u00e5ttom.<\/p>\n<p>V\u00e5ra m\u00e4rken pryder skjortor som anv\u00e4nds av s\u00e5v\u00e4l offentlig f\u00f6rvaltning som hockeylag, b\u00e4r scoutideologin vidare och festar under hundratals events f\u00f6r studeranden. Skicka enkelt en offertf\u00f6rfr\u00e5gan och l\u00e5ta oss f\u00f6resl\u00e5 tekniken f\u00f6r genomf\u00f6randet, eller g\u00f6r dig sj\u00e4lv bekant med v\u00e5ra <a href=\"sv\/exempel\/\">metoder.<\/a><\/p>\n<p><strong>Kontakta oss och l\u00e4mna en offertf\u00f6rfr\u00e5gan \u2013 vi \u00e5terkommer snabbt till saken!<\/strong><\/p>\n<p><img loading=\"lazy\" decoding=\"async\" class=\"size-medium wp-image-299 aligncenter\" src=\"http:\/\/kangasmerkit.com\/wp-content\/uploads\/2023\/06\/LOGO_GOLD_TEXTRIGHT_BLACK_SV_1080x265_433689-300x74.png\" alt=\"\" width=\"300\" height=\"74\" srcset=\"https:\/\/kangasmerkit.com\/wp-content\/uploads\/2023\/06\/LOGO_GOLD_TEXTRIGHT_BLACK_SV_1080x265_433689-300x74.png 300w, https:\/\/kangasmerkit.com\/wp-content\/uploads\/2023\/06\/LOGO_GOLD_TEXTRIGHT_BLACK_SV_1080x265_433689-1024x251.png 1024w, https:\/\/kangasmerkit.com\/wp-content\/uploads\/2023\/06\/LOGO_GOLD_TEXTRIGHT_BLACK_SV_1080x265_433689-768x188.png 768w, https:\/\/kangasmerkit.com\/wp-content\/uploads\/2023\/06\/LOGO_GOLD_TEXTRIGHT_BLACK_SV_1080x265_433689.png 1080w\" sizes=\"auto, (max-width: 300px) 100vw, 300px\" \/><\/p>\n","protected":false},"excerpt":{"rendered":"<h1>Best\u00e4ll dina tygm\u00e4rken f\u00f6rm\u00e5nligt idag!<\/h1>\n<p>Vi har 20 \u00e5rs erfarenhet och kan erbjuda dig tygm\u00e4rken av absolut h\u00f6gsta kvalitet.<\/p>\n","protected":false},"author":1,"featured_media":129,"parent":0,"menu_order":0,"comment_status":"closed","ping_status":"open","template":"","meta":{"_genesis_hide_title":false,"_genesis_hide_breadcrumbs":false,"_genesis_hide_singular_image":false,"_genesis_hide_footer_widgets":false,"_genesis_custom_body_class":"","_genesis_custom_post_class":"","_genesis_layout":"","footnotes":""},"class_list":{"0":"post-180","1":"page","2":"type-page","3":"status-publish","4":"has-post-thumbnail","6":"entry"},"yoast_head":"<!-- This site is optimized with the Yoast SEO plugin v27.2 - https:\/\/yoast.com\/product\/yoast-seo-wordpress\/ -->\n<title>Egnatygmarken.se \u2013 De h\u00e5llbaraste m\u00e4rkena - Kangasmerkit.com<\/title>\n<meta name=\"robots\" content=\"index, follow, max-snippet:-1, max-image-preview:large, max-video-preview:-1\" \/>\n<link rel=\"canonical\" href=\"https:\/\/kangasmerkit.com\/sv\/\" \/>\n<meta property=\"og:locale\" content=\"sv_SE\" \/>\n<meta property=\"og:type\" content=\"article\" \/>\n<meta property=\"og:title\" content=\"Egnatygmarken.se \u2013 De h\u00e5llbaraste m\u00e4rkena - Kangasmerkit.com\" \/>\n<meta property=\"og:description\" content=\"Best\u00e4ll dina tygm\u00e4rken f\u00f6rm\u00e5nligt idag! Vi har 20 \u00e5rs erfarenhet och kan erbjuda dig tygm\u00e4rken av absolut h\u00f6gsta kvalitet.\" \/>\n<meta property=\"og:url\" content=\"https:\/\/kangasmerkit.com\/sv\/\" \/>\n<meta property=\"og:site_name\" content=\"Kangasmerkit.com\" \/>\n<meta property=\"article:modified_time\" content=\"2023-06-28T09:27:33+00:00\" \/>\n<meta property=\"og:image\" content=\"http:\/\/kangasmerkit.com\/wp-content\/uploads\/2016\/11\/merkit_5-1600x292.jpg\" \/>\n\t<meta property=\"og:image:width\" content=\"1600\" \/>\n\t<meta property=\"og:image:height\" content=\"292\" \/>\n\t<meta property=\"og:image:type\" content=\"image\/jpeg\" \/>\n<meta name=\"twitter:card\" content=\"summary_large_image\" \/>\n<meta name=\"twitter:label1\" content=\"Ber\u00e4knad l\u00e4stid\" \/>\n\t<meta name=\"twitter:data1\" content=\"2 minuter\" \/>\n<script type=\"application\/ld+json\" class=\"yoast-schema-graph\">{\"@context\":\"https:\/\/schema.org\",\"@graph\":[{\"@type\":\"WebPage\",\"@id\":\"https:\/\/kangasmerkit.com\/sv\/\",\"url\":\"https:\/\/kangasmerkit.com\/sv\/\",\"name\":\"Egnatygmarken.se \u2013 De h\u00e5llbaraste m\u00e4rkena - Kangasmerkit.com\",\"isPartOf\":{\"@id\":\"https:\/\/kangasmerkit.com\/#website\"},\"primaryImageOfPage\":{\"@id\":\"https:\/\/kangasmerkit.com\/sv\/#primaryimage\"},\"image\":{\"@id\":\"https:\/\/kangasmerkit.com\/sv\/#primaryimage\"},\"thumbnailUrl\":\"https:\/\/kangasmerkit.com\/wp-content\/uploads\/2016\/11\/merkit_5-1600x292.jpg\",\"datePublished\":\"2018-04-13T13:09:12+00:00\",\"dateModified\":\"2023-06-28T09:27:33+00:00\",\"breadcrumb\":{\"@id\":\"https:\/\/kangasmerkit.com\/sv\/#breadcrumb\"},\"inLanguage\":\"sv-SE\",\"potentialAction\":[{\"@type\":\"ReadAction\",\"target\":[\"https:\/\/kangasmerkit.com\/sv\/\"]}]},{\"@type\":\"ImageObject\",\"inLanguage\":\"sv-SE\",\"@id\":\"https:\/\/kangasmerkit.com\/sv\/#primaryimage\",\"url\":\"https:\/\/kangasmerkit.com\/wp-content\/uploads\/2016\/11\/merkit_5-1600x292.jpg\",\"contentUrl\":\"https:\/\/kangasmerkit.com\/wp-content\/uploads\/2016\/11\/merkit_5-1600x292.jpg\",\"width\":1600,\"height\":292,\"caption\":\"Kangasmerkit\"},{\"@type\":\"BreadcrumbList\",\"@id\":\"https:\/\/kangasmerkit.com\/sv\/#breadcrumb\",\"itemListElement\":[{\"@type\":\"ListItem\",\"position\":1,\"name\":\"Etusivu\",\"item\":\"https:\/\/kangasmerkit.com\/sv\/\"},{\"@type\":\"ListItem\",\"position\":2,\"name\":\"Egnatygmarken.se \u2013 De h\u00e5llbaraste m\u00e4rkena\"}]},{\"@type\":\"WebSite\",\"@id\":\"https:\/\/kangasmerkit.com\/#website\",\"url\":\"https:\/\/kangasmerkit.com\/\",\"name\":\"Kangasmerkit.com\",\"description\":\"Kangasmerkit edullisesti ja luotettavasti\",\"potentialAction\":[{\"@type\":\"SearchAction\",\"target\":{\"@type\":\"EntryPoint\",\"urlTemplate\":\"https:\/\/kangasmerkit.com\/?s={search_term_string}\"},\"query-input\":{\"@type\":\"PropertyValueSpecification\",\"valueRequired\":true,\"valueName\":\"search_term_string\"}}],\"inLanguage\":\"sv-SE\"}]}<\/script>\n<!-- \/ Yoast SEO plugin. -->","yoast_head_json":{"title":"Egnatygmarken.se \u2013 De h\u00e5llbaraste m\u00e4rkena - Kangasmerkit.com","robots":{"index":"index","follow":"follow","max-snippet":"max-snippet:-1","max-image-preview":"max-image-preview:large","max-video-preview":"max-video-preview:-1"},"canonical":"https:\/\/kangasmerkit.com\/sv\/","og_locale":"sv_SE","og_type":"article","og_title":"Egnatygmarken.se \u2013 De h\u00e5llbaraste m\u00e4rkena - Kangasmerkit.com","og_description":"Best\u00e4ll dina tygm\u00e4rken f\u00f6rm\u00e5nligt idag! Vi har 20 \u00e5rs erfarenhet och kan erbjuda dig tygm\u00e4rken av absolut h\u00f6gsta kvalitet.","og_url":"https:\/\/kangasmerkit.com\/sv\/","og_site_name":"Kangasmerkit.com","article_modified_time":"2023-06-28T09:27:33+00:00","og_image":[{"width":1600,"height":292,"url":"http:\/\/kangasmerkit.com\/wp-content\/uploads\/2016\/11\/merkit_5-1600x292.jpg","type":"image\/jpeg"}],"twitter_card":"summary_large_image","twitter_misc":{"Ber\u00e4knad l\u00e4stid":"2 minuter"},"schema":{"@context":"https:\/\/schema.org","@graph":[{"@type":"WebPage","@id":"https:\/\/kangasmerkit.com\/sv\/","url":"https:\/\/kangasmerkit.com\/sv\/","name":"Egnatygmarken.se \u2013 De h\u00e5llbaraste m\u00e4rkena - Kangasmerkit.com","isPartOf":{"@id":"https:\/\/kangasmerkit.com\/#website"},"primaryImageOfPage":{"@id":"https:\/\/kangasmerkit.com\/sv\/#primaryimage"},"image":{"@id":"https:\/\/kangasmerkit.com\/sv\/#primaryimage"},"thumbnailUrl":"https:\/\/kangasmerkit.com\/wp-content\/uploads\/2016\/11\/merkit_5-1600x292.jpg","datePublished":"2018-04-13T13:09:12+00:00","dateModified":"2023-06-28T09:27:33+00:00","breadcrumb":{"@id":"https:\/\/kangasmerkit.com\/sv\/#breadcrumb"},"inLanguage":"sv-SE","potentialAction":[{"@type":"ReadAction","target":["https:\/\/kangasmerkit.com\/sv\/"]}]},{"@type":"ImageObject","inLanguage":"sv-SE","@id":"https:\/\/kangasmerkit.com\/sv\/#primaryimage","url":"https:\/\/kangasmerkit.com\/wp-content\/uploads\/2016\/11\/merkit_5-1600x292.jpg","contentUrl":"https:\/\/kangasmerkit.com\/wp-content\/uploads\/2016\/11\/merkit_5-1600x292.jpg","width":1600,"height":292,"caption":"Kangasmerkit"},{"@type":"BreadcrumbList","@id":"https:\/\/kangasmerkit.com\/sv\/#breadcrumb","itemListElement":[{"@type":"ListItem","position":1,"name":"Etusivu","item":"https:\/\/kangasmerkit.com\/sv\/"},{"@type":"ListItem","position":2,"name":"Egnatygmarken.se \u2013 De h\u00e5llbaraste m\u00e4rkena"}]},{"@type":"WebSite","@id":"https:\/\/kangasmerkit.com\/#website","url":"https:\/\/kangasmerkit.com\/","name":"Kangasmerkit.com","description":"Kangasmerkit edullisesti ja luotettavasti","potentialAction":[{"@type":"SearchAction","target":{"@type":"EntryPoint","urlTemplate":"https:\/\/kangasmerkit.com\/?s={search_term_string}"},"query-input":{"@type":"PropertyValueSpecification","valueRequired":true,"valueName":"search_term_string"}}],"inLanguage":"sv-SE"}]}},"_links":{"self":[{"href":"https:\/\/kangasmerkit.com\/sv\/wp-json\/wp\/v2\/pages\/180","targetHints":{"allow":["GET"]}}],"collection":[{"href":"https:\/\/kangasmerkit.com\/sv\/wp-json\/wp\/v2\/pages"}],"about":[{"href":"https:\/\/kangasmerkit.com\/sv\/wp-json\/wp\/v2\/types\/page"}],"author":[{"embeddable":true,"href":"https:\/\/kangasmerkit.com\/sv\/wp-json\/wp\/v2\/users\/1"}],"replies":[{"embeddable":true,"href":"https:\/\/kangasmerkit.com\/sv\/wp-json\/wp\/v2\/comments?post=180"}],"version-history":[{"count":2,"href":"https:\/\/kangasmerkit.com\/sv\/wp-json\/wp\/v2\/pages\/180\/revisions"}],"predecessor-version":[{"id":302,"href":"https:\/\/kangasmerkit.com\/sv\/wp-json\/wp\/v2\/pages\/180\/revisions\/302"}],"wp:featuredmedia":[{"embeddable":true,"href":"https:\/\/kangasmerkit.com\/sv\/wp-json\/wp\/v2\/media\/129"}],"wp:attachment":[{"href":"https:\/\/kangasmerkit.com\/sv\/wp-json\/wp\/v2\/media?parent=180"}],"curies":[{"name":"wp","href":"https:\/\/api.w.org\/{rel}","templated":true}]}}