{"id":182,"date":"2018-04-13T13:11:43","date_gmt":"2018-04-13T13:11:43","guid":{"rendered":"http:\/\/kangasmerkit.com\/?page_id=182"},"modified":"2018-04-13T13:29:25","modified_gmt":"2018-04-13T13:29:25","slug":"overallmarken-studentmarken","status":"publish","type":"page","link":"https:\/\/kangasmerkit.com\/sv\/overallmarken-studentmarken\/","title":{"rendered":"Overallm\u00e4rken- Studentm\u00e4rken"},"content":{"rendered":"<h2>Snygga och f\u00f6rm\u00e5nliga tygm\u00e4rken f\u00f6r din overall<\/h2>\n<p>Studentsk\u00e5rsfester, \u00e5rsfester, studentskivor, avslutningsfester, studentkarnevaler. Ett studentm\u00e4rke kan bringa m\u00e5nga k\u00e4nslor och minnen.<\/p>\n<p>Vi p\u00e5 egnatygmarken.se till\u00e4mpar det senaste inom m\u00e4rkesteknologin, fr\u00e5n broderade till digitalt tryckta, fr\u00e5n 3D till lurvigt och fr\u00e5n glitter till konstl\u00e4der, overallm\u00e4rkena blir s\u00e5ledes oundvikligen markanta samtals\u00f6ppnare.<\/p>\n<p>Vi h\u00e5ller leveranstiderna. Vi erbjuder \u00e4ven express leverans. Ombest\u00e4llningar levererar vi snabbt \u00e4ven om folket i din studentk\u00e5r skulle bytas.<\/p>\n<p>Bekanta dig <a href=\"http:\/\/kangasmerkit.com\/sv\/exempel\/\">h\u00e4r<\/a> med v\u00e5ra tillverkningsmetoder och fr\u00e5ga oss om ytterligare f\u00f6rslag.<\/p>\n<p><strong>Kontakta oss och l\u00e4mna en offertf\u00f6rfr\u00e5gan \u2013 vi \u00e5terkommer snabbt till saken!<\/strong><\/p>\n","protected":false},"excerpt":{"rendered":"<h1>H\u00e5llbara och f\u00f6rm\u00e5nliga overall tygm\u00e4rken<\/h1>\n<p>Studentskivor. Avslutningsfester. Studentkarnevalen. \u00c5rsfester.<\/p>\n","protected":false},"author":1,"featured_media":271,"parent":0,"menu_order":0,"comment_status":"closed","ping_status":"closed","template":"","meta":{"_genesis_hide_title":false,"_genesis_hide_breadcrumbs":false,"_genesis_hide_singular_image":false,"_genesis_hide_footer_widgets":false,"_genesis_custom_body_class":"","_genesis_custom_post_class":"","_genesis_layout":"","footnotes":""},"class_list":{"0":"post-182","1":"page","2":"type-page","3":"status-publish","4":"has-post-thumbnail","6":"entry"},"yoast_head":"<!-- This site is optimized with the Yoast SEO plugin v27.2 - https:\/\/yoast.com\/product\/yoast-seo-wordpress\/ -->\n<title>Overallm\u00e4rken- Studentm\u00e4rken - Kangasmerkit.com<\/title>\n<meta name=\"robots\" content=\"index, follow, max-snippet:-1, max-image-preview:large, max-video-preview:-1\" \/>\n<link rel=\"canonical\" href=\"https:\/\/kangasmerkit.com\/sv\/overallmarken-studentmarken\/\" \/>\n<meta property=\"og:locale\" content=\"sv_SE\" \/>\n<meta property=\"og:type\" content=\"article\" \/>\n<meta property=\"og:title\" content=\"Overallm\u00e4rken- Studentm\u00e4rken - Kangasmerkit.com\" \/>\n<meta property=\"og:description\" content=\"H\u00e5llbara och f\u00f6rm\u00e5nliga overall tygm\u00e4rken Studentskivor. Avslutningsfester. Studentkarnevalen. \u00c5rsfester.\" \/>\n<meta property=\"og:url\" content=\"https:\/\/kangasmerkit.com\/sv\/overallmarken-studentmarken\/\" \/>\n<meta property=\"og:site_name\" content=\"Kangasmerkit.com\" \/>\n<meta property=\"article:modified_time\" content=\"2018-04-13T13:29:25+00:00\" \/>\n<meta property=\"og:image\" content=\"http:\/\/kangasmerkit.com\/wp-content\/uploads\/2016\/11\/merkit_2-1600x292.jpg\" \/>\n\t<meta property=\"og:image:width\" content=\"1600\" \/>\n\t<meta property=\"og:image:height\" content=\"292\" \/>\n\t<meta property=\"og:image:type\" content=\"image\/jpeg\" \/>\n<meta name=\"twitter:card\" content=\"summary_large_image\" \/>\n<meta name=\"twitter:label1\" content=\"Ber\u00e4knad l\u00e4stid\" \/>\n\t<meta name=\"twitter:data1\" content=\"1 minut\" \/>\n<script type=\"application\/ld+json\" class=\"yoast-schema-graph\">{\"@context\":\"https:\/\/schema.org\",\"@graph\":[{\"@type\":\"WebPage\",\"@id\":\"https:\/\/kangasmerkit.com\/sv\/overallmarken-studentmarken\/\",\"url\":\"https:\/\/kangasmerkit.com\/sv\/overallmarken-studentmarken\/\",\"name\":\"Overallm\u00e4rken- Studentm\u00e4rken - Kangasmerkit.com\",\"isPartOf\":{\"@id\":\"https:\/\/kangasmerkit.com\/#website\"},\"primaryImageOfPage\":{\"@id\":\"https:\/\/kangasmerkit.com\/sv\/overallmarken-studentmarken\/#primaryimage\"},\"image\":{\"@id\":\"https:\/\/kangasmerkit.com\/sv\/overallmarken-studentmarken\/#primaryimage\"},\"thumbnailUrl\":\"https:\/\/kangasmerkit.com\/wp-content\/uploads\/2016\/11\/merkit_2-1600x292.jpg\",\"datePublished\":\"2018-04-13T13:11:43+00:00\",\"dateModified\":\"2018-04-13T13:29:25+00:00\",\"breadcrumb\":{\"@id\":\"https:\/\/kangasmerkit.com\/sv\/overallmarken-studentmarken\/#breadcrumb\"},\"inLanguage\":\"sv-SE\",\"potentialAction\":[{\"@type\":\"ReadAction\",\"target\":[\"https:\/\/kangasmerkit.com\/sv\/overallmarken-studentmarken\/\"]}]},{\"@type\":\"ImageObject\",\"inLanguage\":\"sv-SE\",\"@id\":\"https:\/\/kangasmerkit.com\/sv\/overallmarken-studentmarken\/#primaryimage\",\"url\":\"https:\/\/kangasmerkit.com\/wp-content\/uploads\/2016\/11\/merkit_2-1600x292.jpg\",\"contentUrl\":\"https:\/\/kangasmerkit.com\/wp-content\/uploads\/2016\/11\/merkit_2-1600x292.jpg\",\"width\":1600,\"height\":292,\"caption\":\"Haalarimerkit opiskelijoille\"},{\"@type\":\"BreadcrumbList\",\"@id\":\"https:\/\/kangasmerkit.com\/sv\/overallmarken-studentmarken\/#breadcrumb\",\"itemListElement\":[{\"@type\":\"ListItem\",\"position\":1,\"name\":\"Etusivu\",\"item\":\"https:\/\/kangasmerkit.com\/sv\/\"},{\"@type\":\"ListItem\",\"position\":2,\"name\":\"Overallm\u00e4rken- Studentm\u00e4rken\"}]},{\"@type\":\"WebSite\",\"@id\":\"https:\/\/kangasmerkit.com\/#website\",\"url\":\"https:\/\/kangasmerkit.com\/\",\"name\":\"Kangasmerkit.com\",\"description\":\"Kangasmerkit edullisesti ja luotettavasti\",\"potentialAction\":[{\"@type\":\"SearchAction\",\"target\":{\"@type\":\"EntryPoint\",\"urlTemplate\":\"https:\/\/kangasmerkit.com\/?s={search_term_string}\"},\"query-input\":{\"@type\":\"PropertyValueSpecification\",\"valueRequired\":true,\"valueName\":\"search_term_string\"}}],\"inLanguage\":\"sv-SE\"}]}<\/script>\n<!-- \/ Yoast SEO plugin. -->","yoast_head_json":{"title":"Overallm\u00e4rken- Studentm\u00e4rken - Kangasmerkit.com","robots":{"index":"index","follow":"follow","max-snippet":"max-snippet:-1","max-image-preview":"max-image-preview:large","max-video-preview":"max-video-preview:-1"},"canonical":"https:\/\/kangasmerkit.com\/sv\/overallmarken-studentmarken\/","og_locale":"sv_SE","og_type":"article","og_title":"Overallm\u00e4rken- Studentm\u00e4rken - Kangasmerkit.com","og_description":"H\u00e5llbara och f\u00f6rm\u00e5nliga overall tygm\u00e4rken Studentskivor. Avslutningsfester. Studentkarnevalen. \u00c5rsfester.","og_url":"https:\/\/kangasmerkit.com\/sv\/overallmarken-studentmarken\/","og_site_name":"Kangasmerkit.com","article_modified_time":"2018-04-13T13:29:25+00:00","og_image":[{"width":1600,"height":292,"url":"http:\/\/kangasmerkit.com\/wp-content\/uploads\/2016\/11\/merkit_2-1600x292.jpg","type":"image\/jpeg"}],"twitter_card":"summary_large_image","twitter_misc":{"Ber\u00e4knad l\u00e4stid":"1 minut"},"schema":{"@context":"https:\/\/schema.org","@graph":[{"@type":"WebPage","@id":"https:\/\/kangasmerkit.com\/sv\/overallmarken-studentmarken\/","url":"https:\/\/kangasmerkit.com\/sv\/overallmarken-studentmarken\/","name":"Overallm\u00e4rken- Studentm\u00e4rken - Kangasmerkit.com","isPartOf":{"@id":"https:\/\/kangasmerkit.com\/#website"},"primaryImageOfPage":{"@id":"https:\/\/kangasmerkit.com\/sv\/overallmarken-studentmarken\/#primaryimage"},"image":{"@id":"https:\/\/kangasmerkit.com\/sv\/overallmarken-studentmarken\/#primaryimage"},"thumbnailUrl":"https:\/\/kangasmerkit.com\/wp-content\/uploads\/2016\/11\/merkit_2-1600x292.jpg","datePublished":"2018-04-13T13:11:43+00:00","dateModified":"2018-04-13T13:29:25+00:00","breadcrumb":{"@id":"https:\/\/kangasmerkit.com\/sv\/overallmarken-studentmarken\/#breadcrumb"},"inLanguage":"sv-SE","potentialAction":[{"@type":"ReadAction","target":["https:\/\/kangasmerkit.com\/sv\/overallmarken-studentmarken\/"]}]},{"@type":"ImageObject","inLanguage":"sv-SE","@id":"https:\/\/kangasmerkit.com\/sv\/overallmarken-studentmarken\/#primaryimage","url":"https:\/\/kangasmerkit.com\/wp-content\/uploads\/2016\/11\/merkit_2-1600x292.jpg","contentUrl":"https:\/\/kangasmerkit.com\/wp-content\/uploads\/2016\/11\/merkit_2-1600x292.jpg","width":1600,"height":292,"caption":"Haalarimerkit opiskelijoille"},{"@type":"BreadcrumbList","@id":"https:\/\/kangasmerkit.com\/sv\/overallmarken-studentmarken\/#breadcrumb","itemListElement":[{"@type":"ListItem","position":1,"name":"Etusivu","item":"https:\/\/kangasmerkit.com\/sv\/"},{"@type":"ListItem","position":2,"name":"Overallm\u00e4rken- Studentm\u00e4rken"}]},{"@type":"WebSite","@id":"https:\/\/kangasmerkit.com\/#website","url":"https:\/\/kangasmerkit.com\/","name":"Kangasmerkit.com","description":"Kangasmerkit edullisesti ja luotettavasti","potentialAction":[{"@type":"SearchAction","target":{"@type":"EntryPoint","urlTemplate":"https:\/\/kangasmerkit.com\/?s={search_term_string}"},"query-input":{"@type":"PropertyValueSpecification","valueRequired":true,"valueName":"search_term_string"}}],"inLanguage":"sv-SE"}]}},"_links":{"self":[{"href":"https:\/\/kangasmerkit.com\/sv\/wp-json\/wp\/v2\/pages\/182","targetHints":{"allow":["GET"]}}],"collection":[{"href":"https:\/\/kangasmerkit.com\/sv\/wp-json\/wp\/v2\/pages"}],"about":[{"href":"https:\/\/kangasmerkit.com\/sv\/wp-json\/wp\/v2\/types\/page"}],"author":[{"embeddable":true,"href":"https:\/\/kangasmerkit.com\/sv\/wp-json\/wp\/v2\/users\/1"}],"replies":[{"embeddable":true,"href":"https:\/\/kangasmerkit.com\/sv\/wp-json\/wp\/v2\/comments?post=182"}],"version-history":[{"count":0,"href":"https:\/\/kangasmerkit.com\/sv\/wp-json\/wp\/v2\/pages\/182\/revisions"}],"wp:featuredmedia":[{"embeddable":true,"href":"https:\/\/kangasmerkit.com\/sv\/wp-json\/wp\/v2\/media\/271"}],"wp:attachment":[{"href":"https:\/\/kangasmerkit.com\/sv\/wp-json\/wp\/v2\/media?parent=182"}],"curies":[{"name":"wp","href":"https:\/\/api.w.org\/{rel}","templated":true}]}}