{"id":185,"date":"2018-04-13T13:15:50","date_gmt":"2018-04-13T13:15:50","guid":{"rendered":"http:\/\/kangasmerkit.com\/?page_id=185"},"modified":"2020-09-21T11:20:55","modified_gmt":"2020-09-21T11:20:55","slug":"scoutmarken","status":"publish","type":"page","link":"https:\/\/kangasmerkit.com\/sv\/scoutmarken\/","title":{"rendered":"Scoutm\u00e4rken"},"content":{"rendered":"<h2>Scoutm\u00e4rken, l\u00e4germ\u00e4rken, scoutk\u00e5rsm\u00e4rken<\/h2>\n<p>Genom kangasmerkit.com kan du best\u00e4lla extra h\u00e5llbara m\u00e4rken f\u00f6r alla behov inom scoutverksamheten. Av oss f\u00e5r du l\u00e4germ\u00e4rken, halsduksm\u00e4rken, traditionella scoutk\u00e5rsm\u00e4rken och patrullm\u00e4rken.<\/p>\n<p>Vi har \u00f6ver 20 \u00e5rs erfarenhet av scoutm\u00e4rken. Vi \u00e4r v\u00e4l f\u00f6rtrogna med de exakta nyanserna av scouternas f\u00e4rger och kan f\u00f6resl\u00e5 nya typer av m\u00e4rkesteknik \u2013 men \u00e4nd\u00e5 bevaka traditionella symboler. G\u00f6r dig bekant med v\u00e5ra <a href=\"http:\/\/kangasmerkit.com\/sv\/exempel\/\">tekniker.<\/a><\/p>\n<p>Vi \u00e4r alltid redo f\u00f6r din best\u00e4llning \u2013 \u00e4ven om den sker p\u00e5 basis av en bild som tecknats under ett m\u00f6te. Vi skr\u00e4ddarsyr leveranstidtabellen utg\u00e5ende fr\u00e5n respektive scoutk\u00e5r, patrull och flock. Beh\u00f6ver du m\u00e4rken snabbt? Vi erbjuder expressleverans.<\/p>\n<p>Tveka inte, kontakta oss. Fyll i formul\u00e4ret och vi skickar offert snabbt!<\/p>\n","protected":false},"excerpt":{"rendered":"<h1>Scoutm\u00e4rken, l\u00e4germ\u00e4rken, scoutk\u00e5rsm\u00e4rken<\/h1>\n<p>Av oss f\u00e5r du l\u00e4germ\u00e4rken, halsduksm\u00e4rken, traditionella scoutk\u00e5rsm\u00e4rken och patrullm\u00e4rken.<\/p>\n","protected":false},"author":1,"featured_media":125,"parent":0,"menu_order":0,"comment_status":"closed","ping_status":"closed","template":"","meta":{"_genesis_hide_title":false,"_genesis_hide_breadcrumbs":false,"_genesis_hide_singular_image":false,"_genesis_hide_footer_widgets":false,"_genesis_custom_body_class":"","_genesis_custom_post_class":"","_genesis_layout":"","footnotes":""},"class_list":{"0":"post-185","1":"page","2":"type-page","3":"status-publish","4":"has-post-thumbnail","6":"entry"},"yoast_head":"<!-- This site is optimized with the Yoast SEO plugin v27.2 - https:\/\/yoast.com\/product\/yoast-seo-wordpress\/ -->\n<title>Scoutm\u00e4rken - Kangasmerkit.com<\/title>\n<meta name=\"robots\" content=\"index, follow, max-snippet:-1, max-image-preview:large, max-video-preview:-1\" \/>\n<link rel=\"canonical\" href=\"https:\/\/kangasmerkit.com\/sv\/scoutmarken\/\" \/>\n<meta property=\"og:locale\" content=\"sv_SE\" \/>\n<meta property=\"og:type\" content=\"article\" \/>\n<meta property=\"og:title\" content=\"Scoutm\u00e4rken - Kangasmerkit.com\" \/>\n<meta property=\"og:description\" content=\"Scoutm\u00e4rken, l\u00e4germ\u00e4rken, scoutk\u00e5rsm\u00e4rken Av oss f\u00e5r du l\u00e4germ\u00e4rken, halsduksm\u00e4rken, traditionella scoutk\u00e5rsm\u00e4rken och patrullm\u00e4rken.\" \/>\n<meta property=\"og:url\" content=\"https:\/\/kangasmerkit.com\/sv\/scoutmarken\/\" \/>\n<meta property=\"og:site_name\" content=\"Kangasmerkit.com\" \/>\n<meta property=\"article:modified_time\" content=\"2020-09-21T11:20:55+00:00\" \/>\n<meta property=\"og:image\" content=\"http:\/\/kangasmerkit.com\/wp-content\/uploads\/2016\/11\/Merkit_1-1600x292.jpg\" \/>\n\t<meta property=\"og:image:width\" content=\"1600\" \/>\n\t<meta property=\"og:image:height\" content=\"292\" \/>\n\t<meta property=\"og:image:type\" content=\"image\/jpeg\" \/>\n<meta name=\"twitter:card\" content=\"summary_large_image\" \/>\n<meta name=\"twitter:label1\" content=\"Ber\u00e4knad l\u00e4stid\" \/>\n\t<meta name=\"twitter:data1\" content=\"1 minut\" \/>\n<script type=\"application\/ld+json\" class=\"yoast-schema-graph\">{\"@context\":\"https:\/\/schema.org\",\"@graph\":[{\"@type\":\"WebPage\",\"@id\":\"https:\/\/kangasmerkit.com\/sv\/scoutmarken\/\",\"url\":\"https:\/\/kangasmerkit.com\/sv\/scoutmarken\/\",\"name\":\"Scoutm\u00e4rken - Kangasmerkit.com\",\"isPartOf\":{\"@id\":\"https:\/\/kangasmerkit.com\/#website\"},\"primaryImageOfPage\":{\"@id\":\"https:\/\/kangasmerkit.com\/sv\/scoutmarken\/#primaryimage\"},\"image\":{\"@id\":\"https:\/\/kangasmerkit.com\/sv\/scoutmarken\/#primaryimage\"},\"thumbnailUrl\":\"https:\/\/kangasmerkit.com\/wp-content\/uploads\/2016\/11\/Merkit_1-1600x292.jpg\",\"datePublished\":\"2018-04-13T13:15:50+00:00\",\"dateModified\":\"2020-09-21T11:20:55+00:00\",\"breadcrumb\":{\"@id\":\"https:\/\/kangasmerkit.com\/sv\/scoutmarken\/#breadcrumb\"},\"inLanguage\":\"sv-SE\",\"potentialAction\":[{\"@type\":\"ReadAction\",\"target\":[\"https:\/\/kangasmerkit.com\/sv\/scoutmarken\/\"]}]},{\"@type\":\"ImageObject\",\"inLanguage\":\"sv-SE\",\"@id\":\"https:\/\/kangasmerkit.com\/sv\/scoutmarken\/#primaryimage\",\"url\":\"https:\/\/kangasmerkit.com\/wp-content\/uploads\/2016\/11\/Merkit_1-1600x292.jpg\",\"contentUrl\":\"https:\/\/kangasmerkit.com\/wp-content\/uploads\/2016\/11\/Merkit_1-1600x292.jpg\",\"width\":1600,\"height\":292,\"caption\":\"Partiomerkit omalla logolla\"},{\"@type\":\"BreadcrumbList\",\"@id\":\"https:\/\/kangasmerkit.com\/sv\/scoutmarken\/#breadcrumb\",\"itemListElement\":[{\"@type\":\"ListItem\",\"position\":1,\"name\":\"Etusivu\",\"item\":\"https:\/\/kangasmerkit.com\/sv\/\"},{\"@type\":\"ListItem\",\"position\":2,\"name\":\"Scoutm\u00e4rken\"}]},{\"@type\":\"WebSite\",\"@id\":\"https:\/\/kangasmerkit.com\/#website\",\"url\":\"https:\/\/kangasmerkit.com\/\",\"name\":\"Kangasmerkit.com\",\"description\":\"Kangasmerkit edullisesti ja luotettavasti\",\"potentialAction\":[{\"@type\":\"SearchAction\",\"target\":{\"@type\":\"EntryPoint\",\"urlTemplate\":\"https:\/\/kangasmerkit.com\/?s={search_term_string}\"},\"query-input\":{\"@type\":\"PropertyValueSpecification\",\"valueRequired\":true,\"valueName\":\"search_term_string\"}}],\"inLanguage\":\"sv-SE\"}]}<\/script>\n<!-- \/ Yoast SEO plugin. -->","yoast_head_json":{"title":"Scoutm\u00e4rken - Kangasmerkit.com","robots":{"index":"index","follow":"follow","max-snippet":"max-snippet:-1","max-image-preview":"max-image-preview:large","max-video-preview":"max-video-preview:-1"},"canonical":"https:\/\/kangasmerkit.com\/sv\/scoutmarken\/","og_locale":"sv_SE","og_type":"article","og_title":"Scoutm\u00e4rken - Kangasmerkit.com","og_description":"Scoutm\u00e4rken, l\u00e4germ\u00e4rken, scoutk\u00e5rsm\u00e4rken Av oss f\u00e5r du l\u00e4germ\u00e4rken, halsduksm\u00e4rken, traditionella scoutk\u00e5rsm\u00e4rken och patrullm\u00e4rken.","og_url":"https:\/\/kangasmerkit.com\/sv\/scoutmarken\/","og_site_name":"Kangasmerkit.com","article_modified_time":"2020-09-21T11:20:55+00:00","og_image":[{"width":1600,"height":292,"url":"http:\/\/kangasmerkit.com\/wp-content\/uploads\/2016\/11\/Merkit_1-1600x292.jpg","type":"image\/jpeg"}],"twitter_card":"summary_large_image","twitter_misc":{"Ber\u00e4knad l\u00e4stid":"1 minut"},"schema":{"@context":"https:\/\/schema.org","@graph":[{"@type":"WebPage","@id":"https:\/\/kangasmerkit.com\/sv\/scoutmarken\/","url":"https:\/\/kangasmerkit.com\/sv\/scoutmarken\/","name":"Scoutm\u00e4rken - Kangasmerkit.com","isPartOf":{"@id":"https:\/\/kangasmerkit.com\/#website"},"primaryImageOfPage":{"@id":"https:\/\/kangasmerkit.com\/sv\/scoutmarken\/#primaryimage"},"image":{"@id":"https:\/\/kangasmerkit.com\/sv\/scoutmarken\/#primaryimage"},"thumbnailUrl":"https:\/\/kangasmerkit.com\/wp-content\/uploads\/2016\/11\/Merkit_1-1600x292.jpg","datePublished":"2018-04-13T13:15:50+00:00","dateModified":"2020-09-21T11:20:55+00:00","breadcrumb":{"@id":"https:\/\/kangasmerkit.com\/sv\/scoutmarken\/#breadcrumb"},"inLanguage":"sv-SE","potentialAction":[{"@type":"ReadAction","target":["https:\/\/kangasmerkit.com\/sv\/scoutmarken\/"]}]},{"@type":"ImageObject","inLanguage":"sv-SE","@id":"https:\/\/kangasmerkit.com\/sv\/scoutmarken\/#primaryimage","url":"https:\/\/kangasmerkit.com\/wp-content\/uploads\/2016\/11\/Merkit_1-1600x292.jpg","contentUrl":"https:\/\/kangasmerkit.com\/wp-content\/uploads\/2016\/11\/Merkit_1-1600x292.jpg","width":1600,"height":292,"caption":"Partiomerkit omalla logolla"},{"@type":"BreadcrumbList","@id":"https:\/\/kangasmerkit.com\/sv\/scoutmarken\/#breadcrumb","itemListElement":[{"@type":"ListItem","position":1,"name":"Etusivu","item":"https:\/\/kangasmerkit.com\/sv\/"},{"@type":"ListItem","position":2,"name":"Scoutm\u00e4rken"}]},{"@type":"WebSite","@id":"https:\/\/kangasmerkit.com\/#website","url":"https:\/\/kangasmerkit.com\/","name":"Kangasmerkit.com","description":"Kangasmerkit edullisesti ja luotettavasti","potentialAction":[{"@type":"SearchAction","target":{"@type":"EntryPoint","urlTemplate":"https:\/\/kangasmerkit.com\/?s={search_term_string}"},"query-input":{"@type":"PropertyValueSpecification","valueRequired":true,"valueName":"search_term_string"}}],"inLanguage":"sv-SE"}]}},"_links":{"self":[{"href":"https:\/\/kangasmerkit.com\/sv\/wp-json\/wp\/v2\/pages\/185","targetHints":{"allow":["GET"]}}],"collection":[{"href":"https:\/\/kangasmerkit.com\/sv\/wp-json\/wp\/v2\/pages"}],"about":[{"href":"https:\/\/kangasmerkit.com\/sv\/wp-json\/wp\/v2\/types\/page"}],"author":[{"embeddable":true,"href":"https:\/\/kangasmerkit.com\/sv\/wp-json\/wp\/v2\/users\/1"}],"replies":[{"embeddable":true,"href":"https:\/\/kangasmerkit.com\/sv\/wp-json\/wp\/v2\/comments?post=185"}],"version-history":[{"count":0,"href":"https:\/\/kangasmerkit.com\/sv\/wp-json\/wp\/v2\/pages\/185\/revisions"}],"wp:featuredmedia":[{"embeddable":true,"href":"https:\/\/kangasmerkit.com\/sv\/wp-json\/wp\/v2\/media\/125"}],"wp:attachment":[{"href":"https:\/\/kangasmerkit.com\/sv\/wp-json\/wp\/v2\/media?parent=185"}],"curies":[{"name":"wp","href":"https:\/\/api.w.org\/{rel}","templated":true}]}}