{"id":189,"date":"2018-04-13T13:20:42","date_gmt":"2018-04-13T13:20:42","guid":{"rendered":"http:\/\/kangasmerkit.com\/?page_id=189"},"modified":"2018-04-13T13:27:46","modified_gmt":"2018-04-13T13:27:46","slug":"exempel","status":"publish","type":"page","link":"https:\/\/kangasmerkit.com\/sv\/exempel\/","title":{"rendered":"Exempel"},"content":{"rendered":"<h2>Exempel och id\u00e9er till design av tygm\u00e4rken<\/h2>\n<p>I de bifogade \u00e5tta mallm\u00e4rkena har vi illustrerat tekniska alternativ och detaljer som kan anv\u00e4ndas i samband med brodering och helt fritt kombineras.<\/p>\n<p>OBS! Vi debiterar inga kostnader f\u00f6r programmering. Notera att du kan best\u00e4lla ditt m\u00e4rke med limbotten eller med klisterbotten f\u00f6r strykning.<\/p>\n<hr \/>\n<div class=\"tekniikat\">\n<div class=\"one-third first\"><img loading=\"lazy\" decoding=\"async\" class=\"aligncenter size-full wp-image-55\" src=\"http:\/\/kangasmerkit.com\/wp-content\/uploads\/2016\/09\/digipainatus.png\" alt=\"digipainatus\" width=\"280\" height=\"165\" \/><\/div>\n<div class=\"two-thirds\">\n<h4>Digitalt tryck + lasersk\u00e4rning<\/h4>\n<p>Precisionen av digitalt tryck motsvarar tryckkvalitet. Det m\u00f6jligg\u00f6r detaljer som t.ex. effektiva f\u00e4rgskiftningar, vilka inte skulle vara m\u00f6jliga att g\u00f6ra med brodering.<\/p>\n<p>Du kan fritt kombinera brodering med digitalt tryckta m\u00e4rken.<\/p>\n<p>Lasersk\u00e4rning m\u00f6jligg\u00f6r \u00e4ven synnerligen kr\u00e4vande formsk\u00e4rningar.<\/p>\n<\/div>\n<hr \/>\n<div class=\"one-third first\"><img loading=\"lazy\" decoding=\"async\" class=\"aligncenter size-full wp-image-55\" src=\"http:\/\/kangasmerkit.com\/wp-content\/uploads\/2016\/10\/Huopa_400px.png\" alt=\"digipainatus\" width=\"280\" height=\"165\" \/><\/div>\n<div class=\"two-thirds\">\n<h4>Filt<\/h4>\n<p>En filt fungerar utm\u00e4rkt som bottenv\u00e4v. Du kan v\u00e4lja i ett brett spektrum av f\u00e4rgalternativ.<\/p>\n<p>Du kan ocks\u00e5 v\u00e4lja mellan mjuka och grova sammans\u00e4ttningar.<\/p>\n<\/div>\n<hr \/>\n<div class=\"one-third first\"><img loading=\"lazy\" decoding=\"async\" class=\"aligncenter size-full wp-image-55\" src=\"http:\/\/kangasmerkit.com\/wp-content\/uploads\/2016\/10\/3D_400px.png\" alt=\"digipainatus\" width=\"280\" height=\"165\" \/><\/div>\n<div class=\"two-thirds\">\n<h4>3D teknik<\/h4>\n<p>3D-teknik ger m\u00e4rket en tredimensionell effekt.<\/p>\n<\/div>\n<hr \/>\n<div class=\"one-third first\"><img loading=\"lazy\" decoding=\"async\" class=\"aligncenter size-full wp-image-55\" src=\"http:\/\/kangasmerkit.com\/wp-content\/uploads\/2016\/10\/pa\u0308a\u0308rma\u0308ys.png\" alt=\"hemming\" width=\"280\" height=\"165\" \/><\/div>\n<div class=\"two-thirds\">\n<h4>Reflekterande tyg + kantning<\/h4>\n<p>Ett reflekterande tyg fungerar trevligt som bottenv\u00e4v. Det \u00e4r god id\u00e9 f\u00f6r t.ex. utomhusdr\u00e4kter.<\/p>\n<p>En br\u00e4mad kant \u00f6kar m\u00e4rkets v\u00e4rde. I en br\u00e4mad kant g\u00e5r stickningen \u00f6ver kanten och g\u00f6r den tjock och mjuk.<\/p>\n<\/div>\n<hr \/>\n<div class=\"one-third first\"><img loading=\"lazy\" decoding=\"async\" class=\"aligncenter size-full wp-image-55\" src=\"http:\/\/kangasmerkit.com\/wp-content\/uploads\/2016\/10\/kristalli_400px.png\" alt=\"chrystals\" width=\"280\" height=\"165\" \/><\/div>\n<div class=\"two-thirds\">\n<h4>Tyg + kristaller m.m.<\/h4>\n<p>I det h\u00e4r modellexemplet \u00e4r bottenmaterialet vanligt tyg. Brodering p\u00e5 tygbotten \u00e4r ett popul\u00e4rt tekniskt alternativ fr\u00e4mst tack vare att broderingen \u00e4r f\u00f6rm\u00e5nlig och h\u00e5llbar.<\/p>\n<p>I modellexemplet har broderingen gjorts i tv\u00e5 olika nyanser. Kristaller ger ett trevligt, personligt intryck. F\u00f6rutom kristaller och blomster kan du \u00e4ven till\u00e4mpa ett brett sortiment stj\u00e4rnor, bollar, hj\u00e4rtan m.m. i olika storlekar och f\u00e4rger.<\/p>\n<\/div>\n<hr \/>\n<div class=\"one-third first\"><img loading=\"lazy\" decoding=\"async\" class=\"aligncenter size-full wp-image-55\" src=\"http:\/\/kangasmerkit.com\/wp-content\/uploads\/2016\/10\/brodeeraus.png\" alt=\"embroidery\" width=\"280\" height=\"165\" \/><\/div>\n<div class=\"two-thirds\">\n<h4>Brodering + UV-tr\u00e5d<\/h4>\n<p>Ett m\u00e4rke som broderats till hundra procent \u00e4r s\u00e5 som namnet s\u00e4ger stickat helt igenom, dvs. bottenv\u00e4ven syns inte.<\/p>\n<p>V\u00e5r garnkarta inneh\u00e5ller hundratals olika nyanser inklusive 20 alternativ med UV-garn. UV-garn skiljer sig inte s\u00e5 v\u00e4rst mycket fr\u00e5n normala garn i naturlig belysning men skiner i fluorescerande belysning och fungerar utm\u00e4rkt i m\u00e4rken f\u00f6r fester.<\/p>\n<\/div>\n<hr \/>\n<div class=\"one-third first\"><img loading=\"lazy\" decoding=\"async\" class=\"aligncenter size-full wp-image-55\" src=\"http:\/\/kangasmerkit.com\/wp-content\/uploads\/2016\/10\/keinonahka.png\" alt=\"leather\" width=\"280\" height=\"165\" \/><\/div>\n<div class=\"two-thirds\">\n<h4>Konstl\u00e4der + metalltr\u00e5d<\/h4>\n<p>I det exemplet best\u00e5r bottenv\u00e4ven av konstl\u00e4der. Du kan v\u00e4lja mellan tiotals nyanser samt mjuka och gr\u00f6vre sammans\u00e4ttningar.<\/p>\n<p>Vanligt brodergarn kan ers\u00e4ttas med metalltr\u00e5d. Metalltr\u00e5darnas nyanser begr\u00e4nsas inte till popul\u00e4ra guld- och silverf\u00e4rger utan du kan ocks\u00e5 v\u00e4lja bl.a. olika nyanser av r\u00f6tt, bl\u00e5tt och gr\u00f6nt.<\/p>\n<\/div>\n<hr \/>\n<div class=\"one-third first\"><img loading=\"lazy\" decoding=\"async\" class=\"aligncenter size-full wp-image-55\" src=\"http:\/\/kangasmerkit.com\/wp-content\/uploads\/2016\/10\/aplikointi.png\" alt=\"Applique\" width=\"280\" height=\"165\" \/><\/div>\n<div class=\"two-thirds\">\n<h4>Applicering + luggv\u00e4v<\/h4>\n<p>Vid applicering kombineras bottentygstycken och brodering. Det \u00e4r ett praktisk och f\u00f6rm\u00e5nligt alternativ s\u00e4rskilt n\u00e4r det \u00e4r fr\u00e5ga om ett stort m\u00e4rke.<\/p>\n<p>Lurvig luggv\u00e4v kan du anv\u00e4nda som bottenv\u00e4v eller placera i m\u00e4rket p\u00e5 valfria platser. I modellexemplet har luggv\u00e4ven applicerats p\u00e5 en botten av filtv\u00e4v. Till sist har texten broderats med en svart tr\u00e5d.<\/p>\n<\/div>\n<hr \/>\n<\/div>\n<h2>Hj\u00e4lp vid planering<\/h2>\n<ul>\n<li>Storleken kan vara t.ex. fr\u00e5n 3*3 cm till 30*30 cm.<\/li>\n<li>Vi rekommenderar att en text g\u00f6rs 4-5 mm h\u00f6g s\u00e5 den broderade texten blir klart l\u00e4slig.<\/li>\n<li>M\u00e4rkena kan vara av vilken form som helst.<\/li>\n<li>Oftast anv\u00e4nds en broderad kant p\u00e5 m\u00e4rkena som \u00e4r cirka 2 mm bred men man kan ocks\u00e5 f\u00e5 br\u00e4made kantbroderingar.<\/li>\n<li>M\u00e4rkena har alltid en baksida (s.k. fr\u00e5nsida) av tunn florv\u00e4v. D\u00e5 syns inte tr\u00e5darna p\u00e5 fr\u00e5nsidan, m\u00e4rket f\u00e5r s\u00e5ledes ett finslipat utseende.<\/li>\n<li>Om du vill kan fr\u00e5nsidan f\u00f6rses med: limbotten (m\u00e4rket stryks fast), kardborref\u00e4ste, sj\u00e4lvh\u00e4ftande klisterbotten, s\u00e4kerhetsn\u00e5l, klips m.m.<\/li>\n<\/ul>\n","protected":false},"excerpt":{"rendered":"<h1>Hj\u00e4lp vid planering<\/h1>\n<p>Exempel och id\u00e9er till design av tygm\u00e4rken<\/p>\n","protected":false},"author":1,"featured_media":126,"parent":0,"menu_order":0,"comment_status":"closed","ping_status":"closed","template":"","meta":{"_genesis_hide_title":false,"_genesis_hide_breadcrumbs":false,"_genesis_hide_singular_image":false,"_genesis_hide_footer_widgets":false,"_genesis_custom_body_class":"","_genesis_custom_post_class":"","_genesis_layout":"full-width-content","footnotes":""},"class_list":{"0":"post-189","1":"page","2":"type-page","3":"status-publish","4":"has-post-thumbnail","6":"entry"},"yoast_head":"<!-- This site is optimized with the Yoast SEO plugin v27.2 - https:\/\/yoast.com\/product\/yoast-seo-wordpress\/ -->\n<title>Exempel - Kangasmerkit.com<\/title>\n<meta name=\"robots\" content=\"index, follow, max-snippet:-1, max-image-preview:large, max-video-preview:-1\" \/>\n<link rel=\"canonical\" href=\"https:\/\/kangasmerkit.com\/sv\/exempel\/\" \/>\n<meta property=\"og:locale\" content=\"sv_SE\" \/>\n<meta property=\"og:type\" content=\"article\" \/>\n<meta property=\"og:title\" content=\"Exempel - Kangasmerkit.com\" \/>\n<meta property=\"og:description\" content=\"Hj\u00e4lp vid planering Exempel och id\u00e9er till design av tygm\u00e4rken\" \/>\n<meta property=\"og:url\" content=\"https:\/\/kangasmerkit.com\/sv\/exempel\/\" \/>\n<meta property=\"og:site_name\" content=\"Kangasmerkit.com\" \/>\n<meta property=\"article:modified_time\" content=\"2018-04-13T13:27:46+00:00\" \/>\n<meta property=\"og:image\" content=\"http:\/\/kangasmerkit.com\/wp-content\/uploads\/2016\/11\/merkit_2-1600x292.jpg\" \/>\n\t<meta property=\"og:image:width\" content=\"1600\" \/>\n\t<meta property=\"og:image:height\" content=\"292\" \/>\n\t<meta property=\"og:image:type\" content=\"image\/jpeg\" \/>\n<meta name=\"twitter:card\" content=\"summary_large_image\" \/>\n<meta name=\"twitter:label1\" content=\"Ber\u00e4knad l\u00e4stid\" \/>\n\t<meta name=\"twitter:data1\" content=\"3 minuter\" \/>\n<script type=\"application\/ld+json\" class=\"yoast-schema-graph\">{\"@context\":\"https:\/\/schema.org\",\"@graph\":[{\"@type\":\"WebPage\",\"@id\":\"https:\/\/kangasmerkit.com\/sv\/exempel\/\",\"url\":\"https:\/\/kangasmerkit.com\/sv\/exempel\/\",\"name\":\"Exempel - Kangasmerkit.com\",\"isPartOf\":{\"@id\":\"https:\/\/kangasmerkit.com\/#website\"},\"primaryImageOfPage\":{\"@id\":\"https:\/\/kangasmerkit.com\/sv\/exempel\/#primaryimage\"},\"image\":{\"@id\":\"https:\/\/kangasmerkit.com\/sv\/exempel\/#primaryimage\"},\"thumbnailUrl\":\"https:\/\/kangasmerkit.com\/wp-content\/uploads\/2016\/11\/merkit_2-1600x292.jpg\",\"datePublished\":\"2018-04-13T13:20:42+00:00\",\"dateModified\":\"2018-04-13T13:27:46+00:00\",\"breadcrumb\":{\"@id\":\"https:\/\/kangasmerkit.com\/sv\/exempel\/#breadcrumb\"},\"inLanguage\":\"sv-SE\",\"potentialAction\":[{\"@type\":\"ReadAction\",\"target\":[\"https:\/\/kangasmerkit.com\/sv\/exempel\/\"]}]},{\"@type\":\"ImageObject\",\"inLanguage\":\"sv-SE\",\"@id\":\"https:\/\/kangasmerkit.com\/sv\/exempel\/#primaryimage\",\"url\":\"https:\/\/kangasmerkit.com\/wp-content\/uploads\/2016\/11\/merkit_2-1600x292.jpg\",\"contentUrl\":\"https:\/\/kangasmerkit.com\/wp-content\/uploads\/2016\/11\/merkit_2-1600x292.jpg\",\"width\":1600,\"height\":292,\"caption\":\"Haalarimerkit opiskelijoille\"},{\"@type\":\"BreadcrumbList\",\"@id\":\"https:\/\/kangasmerkit.com\/sv\/exempel\/#breadcrumb\",\"itemListElement\":[{\"@type\":\"ListItem\",\"position\":1,\"name\":\"Etusivu\",\"item\":\"https:\/\/kangasmerkit.com\/sv\/\"},{\"@type\":\"ListItem\",\"position\":2,\"name\":\"Exempel\"}]},{\"@type\":\"WebSite\",\"@id\":\"https:\/\/kangasmerkit.com\/#website\",\"url\":\"https:\/\/kangasmerkit.com\/\",\"name\":\"Kangasmerkit.com\",\"description\":\"Kangasmerkit edullisesti ja luotettavasti\",\"potentialAction\":[{\"@type\":\"SearchAction\",\"target\":{\"@type\":\"EntryPoint\",\"urlTemplate\":\"https:\/\/kangasmerkit.com\/?s={search_term_string}\"},\"query-input\":{\"@type\":\"PropertyValueSpecification\",\"valueRequired\":true,\"valueName\":\"search_term_string\"}}],\"inLanguage\":\"sv-SE\"}]}<\/script>\n<!-- \/ Yoast SEO plugin. -->","yoast_head_json":{"title":"Exempel - Kangasmerkit.com","robots":{"index":"index","follow":"follow","max-snippet":"max-snippet:-1","max-image-preview":"max-image-preview:large","max-video-preview":"max-video-preview:-1"},"canonical":"https:\/\/kangasmerkit.com\/sv\/exempel\/","og_locale":"sv_SE","og_type":"article","og_title":"Exempel - Kangasmerkit.com","og_description":"Hj\u00e4lp vid planering Exempel och id\u00e9er till design av tygm\u00e4rken","og_url":"https:\/\/kangasmerkit.com\/sv\/exempel\/","og_site_name":"Kangasmerkit.com","article_modified_time":"2018-04-13T13:27:46+00:00","og_image":[{"width":1600,"height":292,"url":"http:\/\/kangasmerkit.com\/wp-content\/uploads\/2016\/11\/merkit_2-1600x292.jpg","type":"image\/jpeg"}],"twitter_card":"summary_large_image","twitter_misc":{"Ber\u00e4knad l\u00e4stid":"3 minuter"},"schema":{"@context":"https:\/\/schema.org","@graph":[{"@type":"WebPage","@id":"https:\/\/kangasmerkit.com\/sv\/exempel\/","url":"https:\/\/kangasmerkit.com\/sv\/exempel\/","name":"Exempel - Kangasmerkit.com","isPartOf":{"@id":"https:\/\/kangasmerkit.com\/#website"},"primaryImageOfPage":{"@id":"https:\/\/kangasmerkit.com\/sv\/exempel\/#primaryimage"},"image":{"@id":"https:\/\/kangasmerkit.com\/sv\/exempel\/#primaryimage"},"thumbnailUrl":"https:\/\/kangasmerkit.com\/wp-content\/uploads\/2016\/11\/merkit_2-1600x292.jpg","datePublished":"2018-04-13T13:20:42+00:00","dateModified":"2018-04-13T13:27:46+00:00","breadcrumb":{"@id":"https:\/\/kangasmerkit.com\/sv\/exempel\/#breadcrumb"},"inLanguage":"sv-SE","potentialAction":[{"@type":"ReadAction","target":["https:\/\/kangasmerkit.com\/sv\/exempel\/"]}]},{"@type":"ImageObject","inLanguage":"sv-SE","@id":"https:\/\/kangasmerkit.com\/sv\/exempel\/#primaryimage","url":"https:\/\/kangasmerkit.com\/wp-content\/uploads\/2016\/11\/merkit_2-1600x292.jpg","contentUrl":"https:\/\/kangasmerkit.com\/wp-content\/uploads\/2016\/11\/merkit_2-1600x292.jpg","width":1600,"height":292,"caption":"Haalarimerkit opiskelijoille"},{"@type":"BreadcrumbList","@id":"https:\/\/kangasmerkit.com\/sv\/exempel\/#breadcrumb","itemListElement":[{"@type":"ListItem","position":1,"name":"Etusivu","item":"https:\/\/kangasmerkit.com\/sv\/"},{"@type":"ListItem","position":2,"name":"Exempel"}]},{"@type":"WebSite","@id":"https:\/\/kangasmerkit.com\/#website","url":"https:\/\/kangasmerkit.com\/","name":"Kangasmerkit.com","description":"Kangasmerkit edullisesti ja luotettavasti","potentialAction":[{"@type":"SearchAction","target":{"@type":"EntryPoint","urlTemplate":"https:\/\/kangasmerkit.com\/?s={search_term_string}"},"query-input":{"@type":"PropertyValueSpecification","valueRequired":true,"valueName":"search_term_string"}}],"inLanguage":"sv-SE"}]}},"_links":{"self":[{"href":"https:\/\/kangasmerkit.com\/sv\/wp-json\/wp\/v2\/pages\/189","targetHints":{"allow":["GET"]}}],"collection":[{"href":"https:\/\/kangasmerkit.com\/sv\/wp-json\/wp\/v2\/pages"}],"about":[{"href":"https:\/\/kangasmerkit.com\/sv\/wp-json\/wp\/v2\/types\/page"}],"author":[{"embeddable":true,"href":"https:\/\/kangasmerkit.com\/sv\/wp-json\/wp\/v2\/users\/1"}],"replies":[{"embeddable":true,"href":"https:\/\/kangasmerkit.com\/sv\/wp-json\/wp\/v2\/comments?post=189"}],"version-history":[{"count":0,"href":"https:\/\/kangasmerkit.com\/sv\/wp-json\/wp\/v2\/pages\/189\/revisions"}],"wp:featuredmedia":[{"embeddable":true,"href":"https:\/\/kangasmerkit.com\/sv\/wp-json\/wp\/v2\/media\/126"}],"wp:attachment":[{"href":"https:\/\/kangasmerkit.com\/sv\/wp-json\/wp\/v2\/media?parent=189"}],"curies":[{"name":"wp","href":"https:\/\/api.w.org\/{rel}","templated":true}]}}