{"id":191,"date":"2018-04-13T13:22:21","date_gmt":"2018-04-13T13:22:21","guid":{"rendered":"http:\/\/kangasmerkit.com\/?page_id=191"},"modified":"2023-01-12T17:53:05","modified_gmt":"2023-01-12T17:53:05","slug":"offertforfragan","status":"publish","type":"page","link":"https:\/\/kangasmerkit.com\/sv\/offertforfragan\/","title":{"rendered":"Offertf\u00f6rfr\u00e5gan"},"content":{"rendered":"<h2>Kontakta oss och l\u00e4mna en offertf\u00f6rfr\u00e5gan!<\/h2>\n<div class=\"one-half first\">\n<p>N\u00e4r du har godk\u00e4nnt offerten designar vi ditt m\u00e4rke exakt s\u00e5 som du vill ha det och skickar dig en modell f\u00f6r godk\u00e4nnande.<\/p>\n<p>Efter att modellm\u00e4rket har godk\u00e4nts tar det cirka 2 veckor att tillverka det, med expressbest\u00e4llning ca en vecka efter.<\/p>\n<p>Betalningen sker mot faktura efter att du har f\u00e5tt dina m\u00e4rken.<\/p>\n<p>F\u00f6r ombest\u00e4llningar beh\u00f6ver du bara namnet p\u00e5 m\u00e4rket eller en bild av det. Ombest\u00e4llda leveranser sker inom cirka 2 veckor.<\/p>\n<p>En offertf\u00f6rfr\u00e5gan f\u00f6rpliktigar dig inte till best\u00e4llning!<\/p>\n<p>Du kan ocks\u00e5 kontakta oss per telefon eller e-post. <a href=\"http:\/\/kangasmerkit.com\/sv\/kontaktuppgifter\/\">Kontaktuppgifter<\/a>.<\/p>\n<p>Brodyr \u00f6ver 85% av ytan +10% p\u00e5 priset och 100% brodyr +20% p\u00e5 priset<\/p>\n<p>Metall tr\u00e5d och UV tr\u00e5d +20% p\u00e5 priset<\/p>\n<p>3D teknik +20%<\/p>\n<p>Luggv\u00e4v +20%<\/p>\n<p>Limbotten +5%<\/p>\n<p>Beg\u00e4r offert om du \u00e4r os\u00e4ker vi hj\u00e4lper g\u00e4rna till!\n<\/p><\/div>\n<div class=\"one-half\"><script type=\"text\/javascript\">\n\/* <![CDATA[ *\/\nvar gform;gform||(document.addEventListener(\"gform_main_scripts_loaded\",function(){gform.scriptsLoaded=!0}),document.addEventListener(\"gform\/theme\/scripts_loaded\",function(){gform.themeScriptsLoaded=!0}),window.addEventListener(\"DOMContentLoaded\",function(){gform.domLoaded=!0}),gform={domLoaded:!1,scriptsLoaded:!1,themeScriptsLoaded:!1,isFormEditor:()=>\"function\"==typeof InitializeEditor,callIfLoaded:function(o){return!(!gform.domLoaded||!gform.scriptsLoaded||!gform.themeScriptsLoaded&&!gform.isFormEditor()||(gform.isFormEditor()&&console.warn(\"The use of gform.initializeOnLoaded() is deprecated in the form editor context and will be removed in Gravity Forms 3.1.\"),o(),0))},initializeOnLoaded:function(o){gform.callIfLoaded(o)||(document.addEventListener(\"gform_main_scripts_loaded\",()=>{gform.scriptsLoaded=!0,gform.callIfLoaded(o)}),document.addEventListener(\"gform\/theme\/scripts_loaded\",()=>{gform.themeScriptsLoaded=!0,gform.callIfLoaded(o)}),window.addEventListener(\"DOMContentLoaded\",()=>{gform.domLoaded=!0,gform.callIfLoaded(o)}))},hooks:{action:{},filter:{}},addAction:function(o,r,e,t){gform.addHook(\"action\",o,r,e,t)},addFilter:function(o,r,e,t){gform.addHook(\"filter\",o,r,e,t)},doAction:function(o){gform.doHook(\"action\",o,arguments)},applyFilters:function(o){return gform.doHook(\"filter\",o,arguments)},removeAction:function(o,r){gform.removeHook(\"action\",o,r)},removeFilter:function(o,r,e){gform.removeHook(\"filter\",o,r,e)},addHook:function(o,r,e,t,n){null==gform.hooks[o][r]&&(gform.hooks[o][r]=[]);var d=gform.hooks[o][r];null==n&&(n=r+\"_\"+d.length),gform.hooks[o][r].push({tag:n,callable:e,priority:t=null==t?10:t})},doHook:function(r,o,e){var t;if(e=Array.prototype.slice.call(e,1),null!=gform.hooks[r][o]&&((o=gform.hooks[r][o]).sort(function(o,r){return o.priority-r.priority}),o.forEach(function(o){\"function\"!=typeof(t=o.callable)&&(t=window[t]),\"action\"==r?t.apply(null,e):e[0]=t.apply(null,e)})),\"filter\"==r)return e[0]},removeHook:function(o,r,t,n){var e;null!=gform.hooks[o][r]&&(e=(e=gform.hooks[o][r]).filter(function(o,r,e){return!!(null!=n&&n!=o.tag||null!=t&&t!=o.priority)}),gform.hooks[o][r]=e)}});\n\/* ]]> *\/\n<\/script>\n\n                <div class='gf_browser_gecko gform_wrapper gform_legacy_markup_wrapper gform-theme--no-framework full-form_wrapper wpcf7-form_wrapper' data-form-theme='legacy' data-form-index='0' id='gform_wrapper_6' >\n                        <div class='gform_heading'>\n                            <h3 class=\"gform_title\">Formul\u00e4r f\u00f6r offertf\u00f6rfr\u00e5gan<\/h3>\n                            <p class='gform_description'><\/p>\n                        <\/div><form method='post' enctype='multipart\/form-data'  id='gform_6' class='full-form wpcf7-form' action='\/sv\/wp-json\/wp\/v2\/pages\/191' data-formid='6' novalidate>\n                        <div class='gform-body gform_body'><ul id='gform_fields_6' class='gform_fields top_label form_sublabel_below description_below validation_below'><li id=\"field_6_5\" class=\"gfield gfield--type-text size field_sublabel_below gfield--no-description field_description_below field_validation_below gfield_visibility_visible\"  ><label class='gfield_label gform-field-label' for='input_6_5'>Bredd (cm)<\/label><div class='ginput_container ginput_container_text'><input name='input_5' id='input_6_5' type='text' value='' class='large'      aria-invalid=\"false\"   \/><\/div><\/li><li id=\"field_6_6\" class=\"gfield gfield--type-text size field_sublabel_below gfield--no-description field_description_below field_validation_below gfield_visibility_visible\"  ><label class='gfield_label gform-field-label' for='input_6_6'>H\u00f6jd (cm)<\/label><div class='ginput_container ginput_container_text'><input name='input_6' id='input_6_6' type='text' value='' class='large'      aria-invalid=\"false\"   \/><\/div><\/li><li id=\"field_6_10\" class=\"gfield gfield--type-text amount field_sublabel_below gfield--has-description field_description_below field_validation_below gfield_visibility_visible\"  ><label class='gfield_label gform-field-label' for='input_6_10'>Antal<\/label><div class='ginput_container ginput_container_text'><input name='input_10' id='input_6_10' type='text' value='' class='large'  aria-describedby=\"gfield_description_6_10\"    aria-invalid=\"false\"   \/><\/div><div class='gfield_description' id='gfield_description_6_10'>Antal m\u00e4rken (minst 50st)<\/div><\/li><li id=\"field_6_8\" class=\"gfield gfield--type-fileupload upload field_sublabel_below gfield--no-description field_description_below field_validation_below gfield_visibility_visible\"  ><label class='gfield_label gform-field-label' for='input_6_8'>Ladda upp en mallbild fr\u00e5n din dator<\/label><div class='ginput_container ginput_container_fileupload'><input type='hidden' name='MAX_FILE_SIZE' value='134217728' \/><input name='input_8' id='input_6_8' type='file' class='medium' aria-describedby=\"gfield_upload_rules_6_8\" onchange='javascript:gformValidateFileSize( this, 134217728 );'  \/><span class='gfield_description gform_fileupload_rules' id='gfield_upload_rules_6_8'>Max filstorlek: 128 MB.<\/span><div class='gfield_description validation_message gfield_validation_message validation_message--hidden-on-empty' id='live_validation_message_6_8'><\/div> <\/div><\/li><li id=\"field_6_7\" class=\"gfield gfield--type-text url field_sublabel_below gfield--has-description field_description_below field_validation_below gfield_visibility_visible\"  ><label class='gfield_label gform-field-label' for='input_6_7'>Eller mata in mallbildens URL<\/label><div class='ginput_container ginput_container_text'><input name='input_7' id='input_6_7' type='text' value='' class='large'  aria-describedby=\"gfield_description_6_7\"    aria-invalid=\"false\"   \/><\/div><div class='gfield_description' id='gfield_description_6_7'>(Mallbilden underl\u00e4ttar priss\u00e4ttning)<\/div><\/li><li id=\"field_6_9\" class=\"gfield gfield--type-textarea message field_sublabel_below gfield--no-description field_description_below field_validation_below gfield_visibility_visible\"  ><label class='gfield_label gform-field-label' for='input_6_9'>Meddelande<\/label><div class='ginput_container ginput_container_textarea'><textarea name='input_9' id='input_6_9' class='textarea medium'      aria-invalid=\"false\"   rows='10' cols='50'><\/textarea><\/div><\/li><li id=\"field_6_1\" class=\"gfield gfield--type-text field_sublabel_below gfield--no-description field_description_below field_validation_below gfield_visibility_visible\"  ><label class='gfield_label gform-field-label' for='input_6_1'>Organisation<\/label><div class='ginput_container ginput_container_text'><input name='input_1' id='input_6_1' type='text' value='' class='large'      aria-invalid=\"false\"   \/><\/div><\/li><li id=\"field_6_2\" class=\"gfield gfield--type-text gfield_contains_required field_sublabel_below gfield--no-description field_description_below field_validation_below gfield_visibility_visible\"  ><label class='gfield_label gform-field-label' for='input_6_2'>Kontaktperson<span class=\"gfield_required\"><span class=\"gfield_required gfield_required_asterisk\">*<\/span><\/span><\/label><div class='ginput_container ginput_container_text'><input name='input_2' id='input_6_2' type='text' value='' class='large'     aria-required=\"true\" aria-invalid=\"false\"   \/><\/div><\/li><li id=\"field_6_3\" class=\"gfield gfield--type-text field_sublabel_below gfield--no-description field_description_below field_validation_below gfield_visibility_visible\"  ><label class='gfield_label gform-field-label' for='input_6_3'>Telefonnummer<\/label><div class='ginput_container ginput_container_text'><input name='input_3' id='input_6_3' type='text' value='' class='large'      aria-invalid=\"false\"   \/><\/div><\/li><li id=\"field_6_4\" class=\"gfield gfield--type-text gfield_contains_required field_sublabel_below gfield--no-description field_description_below field_validation_below gfield_visibility_visible\"  ><label class='gfield_label gform-field-label' for='input_6_4'>E-post<span class=\"gfield_required\"><span class=\"gfield_required gfield_required_asterisk\">*<\/span><\/span><\/label><div class='ginput_container ginput_container_text'><input name='input_4' id='input_6_4' type='text' value='' class='large'     aria-required=\"true\" aria-invalid=\"false\"   \/><\/div><\/li><\/ul><\/div>\n        <div class='gform-footer gform_footer top_label'> <input type='submit' id='gform_submit_button_6' class='gform_button button' onclick='gform.submission.handleButtonClick(this);' data-submission-type='submit' value='Skicka \u00bb'  \/> \n            <input type='hidden' class='gform_hidden' name='gform_submission_method' data-js='gform_submission_method_6' value='postback' \/>\n            <input type='hidden' class='gform_hidden' name='gform_theme' data-js='gform_theme_6' id='gform_theme_6' value='legacy' \/>\n            <input type='hidden' class='gform_hidden' name='gform_style_settings' data-js='gform_style_settings_6' id='gform_style_settings_6' value='[]' \/>\n            <input type='hidden' class='gform_hidden' name='is_submit_6' value='1' \/>\n            <input type='hidden' class='gform_hidden' name='gform_submit' value='6' \/>\n            \n            <input type='hidden' class='gform_hidden' name='gform_currency' data-currency='EUR' value='6pC3NjRI1HUQgzglwWpLPIEu\/A0a02XC1NnAF1fh2mBDb8SjXG7gYt0nEyCXw5Isgy8BnEVh2RdeYR1vmx8vpkMwPCKWycYI6N52T+G17rK+ioo=' \/>\n            <input type='hidden' class='gform_hidden' name='gform_unique_id' value='' \/>\n            <input type='hidden' class='gform_hidden' name='state_6' value='WyJbXSIsImYzMWM2OTUwNmIwMGFhNzdkZTJlNmNlZTUxZGZiMTdmIl0=' \/>\n            <input type='hidden' autocomplete='off' class='gform_hidden' name='gform_target_page_number_6' id='gform_target_page_number_6' value='0' \/>\n            <input type='hidden' autocomplete='off' class='gform_hidden' name='gform_source_page_number_6' id='gform_source_page_number_6' value='1' \/>\n            <input type='hidden' name='gform_field_values' value='' \/>\n            \n        <\/div>\n                        <\/form>\n                        <\/div><script type=\"text\/javascript\">\n\/* <![CDATA[ *\/\n gform.initializeOnLoaded( function() {gformInitSpinner( 6, 'https:\/\/kangasmerkit.com\/wp-content\/plugins\/gravityforms\/images\/spinner.svg', true );jQuery('#gform_ajax_frame_6').on('load',function(){var contents = jQuery(this).contents().find('*').html();var is_postback = contents.indexOf('GF_AJAX_POSTBACK') >= 0;if(!is_postback){return;}var form_content = jQuery(this).contents().find('#gform_wrapper_6');var is_confirmation = jQuery(this).contents().find('#gform_confirmation_wrapper_6').length > 0;var is_redirect = contents.indexOf('gformRedirect(){') >= 0;var is_form = form_content.length > 0 && ! is_redirect && ! is_confirmation;var mt = parseInt(jQuery('html').css('margin-top'), 10) + parseInt(jQuery('body').css('margin-top'), 10) + 100;if(is_form){jQuery('#gform_wrapper_6').html(form_content.html());if(form_content.hasClass('gform_validation_error')){jQuery('#gform_wrapper_6').addClass('gform_validation_error');} else {jQuery('#gform_wrapper_6').removeClass('gform_validation_error');}setTimeout( function() { \/* delay the scroll by 50 milliseconds to fix a bug in chrome *\/  }, 50 );if(window['gformInitDatepicker']) {gformInitDatepicker();}if(window['gformInitPriceFields']) {gformInitPriceFields();}var current_page = jQuery('#gform_source_page_number_6').val();gformInitSpinner( 6, 'https:\/\/kangasmerkit.com\/wp-content\/plugins\/gravityforms\/images\/spinner.svg', true );jQuery(document).trigger('gform_page_loaded', [6, current_page]);window['gf_submitting_6'] = false;}else if(!is_redirect){var confirmation_content = jQuery(this).contents().find('.GF_AJAX_POSTBACK').html();if(!confirmation_content){confirmation_content = contents;}jQuery('#gform_wrapper_6').replaceWith(confirmation_content);jQuery(document).trigger('gform_confirmation_loaded', [6]);window['gf_submitting_6'] = false;wp.a11y.speak(jQuery('#gform_confirmation_message_6').text());}else{jQuery('#gform_6').append(contents);if(window['gformRedirect']) {gformRedirect();}}jQuery(document).trigger(\"gform_pre_post_render\", [{ formId: \"6\", currentPage: \"current_page\", abort: function() { this.preventDefault(); } }]);        if (event && event.defaultPrevented) {                return;        }        const gformWrapperDiv = document.getElementById( \"gform_wrapper_6\" );        if ( gformWrapperDiv ) {            const visibilitySpan = document.createElement( \"span\" );            visibilitySpan.id = \"gform_visibility_test_6\";            gformWrapperDiv.insertAdjacentElement( \"afterend\", visibilitySpan );        }        const visibilityTestDiv = document.getElementById( \"gform_visibility_test_6\" );        let postRenderFired = false;        function triggerPostRender() {            if ( postRenderFired ) {                return;            }            postRenderFired = true;            gform.core.triggerPostRenderEvents( 6, current_page );            if ( visibilityTestDiv ) {                visibilityTestDiv.parentNode.removeChild( visibilityTestDiv );            }        }        function debounce( func, wait, immediate ) {            var timeout;            return function() {                var context = this, args = arguments;                var later = function() {                    timeout = null;                    if ( !immediate ) func.apply( context, args );                };                var callNow = immediate && !timeout;                clearTimeout( timeout );                timeout = setTimeout( later, wait );                if ( callNow ) func.apply( context, args );            };        }        const debouncedTriggerPostRender = debounce( function() {            triggerPostRender();        }, 200 );        if ( visibilityTestDiv && visibilityTestDiv.offsetParent === null ) {            const observer = new MutationObserver( ( mutations ) => {                mutations.forEach( ( mutation ) => {                    if ( mutation.type === 'attributes' && visibilityTestDiv.offsetParent !== null ) {                        debouncedTriggerPostRender();                        observer.disconnect();                    }                });            });            observer.observe( document.body, {                attributes: true,                childList: false,                subtree: true,                attributeFilter: [ 'style', 'class' ],            });        } else {            triggerPostRender();        }    } );} ); \n\/* ]]> *\/\n<\/script>\n<\/div>\n<div class=\"clearfix\"><\/div>\n<h2>Hj\u00e4lp vid planering<\/h2>\n<ul>\n<li>Storleken kan vara t.ex. fr\u00e5n 3*3 cm till 30*30 cm.<\/li>\n<li>Vi rekommenderar att en text g\u00f6rs 4-5 mm h\u00f6g s\u00e5 den broderade texten blir klart l\u00e4slig.<\/li>\n<li>M\u00e4rkena kan vara av vilken form som helst.<\/li>\n<li>Oftast anv\u00e4nds en broderad kant p\u00e5 m\u00e4rkena som \u00e4r cirka 2 mm bred men man kan ocks\u00e5 f\u00e5 br\u00e4made kantbroderingar.<\/li>\n<li>M\u00e4rkena har alltid en baksida (s.k. fr\u00e5nsida) av tunn florv\u00e4v. D\u00e5 syns inte tr\u00e5darna p\u00e5 fr\u00e5nsidan, m\u00e4rket f\u00e5r s\u00e5ledes ett finslipat utseende.<\/li>\n<li>Om du vill kan fr\u00e5nsidan f\u00f6rses med: limbotten (m\u00e4rket stryks fast), kardborref\u00e4ste, sj\u00e4lvh\u00e4ftande klisterbotten, s\u00e4kerhetsn\u00e5l, klips m.m.<\/li>\n<\/ul>\n","protected":false},"excerpt":{"rendered":"<p>Kontakta oss och l\u00e4mna en offertf\u00f6rfr\u00e5gan! N\u00e4r du har godk\u00e4nnt offerten designar vi ditt m\u00e4rke exakt s\u00e5 som du vill ha det och skickar dig en modell f\u00f6r godk\u00e4nnande. Efter att modellm\u00e4rket har godk\u00e4nts tar det cirka 2 veckor att tillverka det, med expressbest\u00e4llning ca en vecka efter. Betalningen sker mot faktura efter att du [&hellip;]<\/p>\n","protected":false},"author":1,"featured_media":0,"parent":0,"menu_order":0,"comment_status":"closed","ping_status":"closed","template":"","meta":{"_genesis_hide_title":false,"_genesis_hide_breadcrumbs":false,"_genesis_hide_singular_image":false,"_genesis_hide_footer_widgets":false,"_genesis_custom_body_class":"","_genesis_custom_post_class":"","_genesis_layout":"full-width-content","footnotes":""},"class_list":{"0":"post-191","1":"page","2":"type-page","3":"status-publish","5":"entry"},"yoast_head":"<!-- This site is optimized with the Yoast SEO plugin v27.2 - https:\/\/yoast.com\/product\/yoast-seo-wordpress\/ -->\n<title>Offertf\u00f6rfr\u00e5gan - Kangasmerkit.com<\/title>\n<meta name=\"robots\" content=\"index, follow, max-snippet:-1, max-image-preview:large, max-video-preview:-1\" \/>\n<link rel=\"canonical\" href=\"https:\/\/kangasmerkit.com\/sv\/offertforfragan\/\" \/>\n<meta property=\"og:locale\" content=\"sv_SE\" \/>\n<meta property=\"og:type\" content=\"article\" \/>\n<meta property=\"og:title\" content=\"Offertf\u00f6rfr\u00e5gan - Kangasmerkit.com\" \/>\n<meta property=\"og:description\" content=\"Kontakta oss och l\u00e4mna en offertf\u00f6rfr\u00e5gan! N\u00e4r du har godk\u00e4nnt offerten designar vi ditt m\u00e4rke exakt s\u00e5 som du vill ha det och skickar dig en modell f\u00f6r godk\u00e4nnande. Efter att modellm\u00e4rket har godk\u00e4nts tar det cirka 2 veckor att tillverka det, med expressbest\u00e4llning ca en vecka efter. Betalningen sker mot faktura efter att du [&hellip;]\" \/>\n<meta property=\"og:url\" content=\"https:\/\/kangasmerkit.com\/sv\/offertforfragan\/\" \/>\n<meta property=\"og:site_name\" content=\"Kangasmerkit.com\" \/>\n<meta property=\"article:modified_time\" content=\"2023-01-12T17:53:05+00:00\" \/>\n<meta name=\"twitter:card\" content=\"summary_large_image\" \/>\n<meta name=\"twitter:label1\" content=\"Ber\u00e4knad l\u00e4stid\" \/>\n\t<meta name=\"twitter:data1\" content=\"2 minuter\" \/>\n<script type=\"application\/ld+json\" class=\"yoast-schema-graph\">{\"@context\":\"https:\/\/schema.org\",\"@graph\":[{\"@type\":\"WebPage\",\"@id\":\"https:\/\/kangasmerkit.com\/sv\/offertforfragan\/\",\"url\":\"https:\/\/kangasmerkit.com\/sv\/offertforfragan\/\",\"name\":\"Offertf\u00f6rfr\u00e5gan - Kangasmerkit.com\",\"isPartOf\":{\"@id\":\"https:\/\/kangasmerkit.com\/#website\"},\"datePublished\":\"2018-04-13T13:22:21+00:00\",\"dateModified\":\"2023-01-12T17:53:05+00:00\",\"breadcrumb\":{\"@id\":\"https:\/\/kangasmerkit.com\/sv\/offertforfragan\/#breadcrumb\"},\"inLanguage\":\"sv-SE\",\"potentialAction\":[{\"@type\":\"ReadAction\",\"target\":[\"https:\/\/kangasmerkit.com\/sv\/offertforfragan\/\"]}]},{\"@type\":\"BreadcrumbList\",\"@id\":\"https:\/\/kangasmerkit.com\/sv\/offertforfragan\/#breadcrumb\",\"itemListElement\":[{\"@type\":\"ListItem\",\"position\":1,\"name\":\"Etusivu\",\"item\":\"https:\/\/kangasmerkit.com\/sv\/\"},{\"@type\":\"ListItem\",\"position\":2,\"name\":\"Offertf\u00f6rfr\u00e5gan\"}]},{\"@type\":\"WebSite\",\"@id\":\"https:\/\/kangasmerkit.com\/#website\",\"url\":\"https:\/\/kangasmerkit.com\/\",\"name\":\"Kangasmerkit.com\",\"description\":\"Kangasmerkit edullisesti ja luotettavasti\",\"potentialAction\":[{\"@type\":\"SearchAction\",\"target\":{\"@type\":\"EntryPoint\",\"urlTemplate\":\"https:\/\/kangasmerkit.com\/?s={search_term_string}\"},\"query-input\":{\"@type\":\"PropertyValueSpecification\",\"valueRequired\":true,\"valueName\":\"search_term_string\"}}],\"inLanguage\":\"sv-SE\"}]}<\/script>\n<!-- \/ Yoast SEO plugin. -->","yoast_head_json":{"title":"Offertf\u00f6rfr\u00e5gan - Kangasmerkit.com","robots":{"index":"index","follow":"follow","max-snippet":"max-snippet:-1","max-image-preview":"max-image-preview:large","max-video-preview":"max-video-preview:-1"},"canonical":"https:\/\/kangasmerkit.com\/sv\/offertforfragan\/","og_locale":"sv_SE","og_type":"article","og_title":"Offertf\u00f6rfr\u00e5gan - Kangasmerkit.com","og_description":"Kontakta oss och l\u00e4mna en offertf\u00f6rfr\u00e5gan! N\u00e4r du har godk\u00e4nnt offerten designar vi ditt m\u00e4rke exakt s\u00e5 som du vill ha det och skickar dig en modell f\u00f6r godk\u00e4nnande. Efter att modellm\u00e4rket har godk\u00e4nts tar det cirka 2 veckor att tillverka det, med expressbest\u00e4llning ca en vecka efter. Betalningen sker mot faktura efter att du [&hellip;]","og_url":"https:\/\/kangasmerkit.com\/sv\/offertforfragan\/","og_site_name":"Kangasmerkit.com","article_modified_time":"2023-01-12T17:53:05+00:00","twitter_card":"summary_large_image","twitter_misc":{"Ber\u00e4knad l\u00e4stid":"2 minuter"},"schema":{"@context":"https:\/\/schema.org","@graph":[{"@type":"WebPage","@id":"https:\/\/kangasmerkit.com\/sv\/offertforfragan\/","url":"https:\/\/kangasmerkit.com\/sv\/offertforfragan\/","name":"Offertf\u00f6rfr\u00e5gan - Kangasmerkit.com","isPartOf":{"@id":"https:\/\/kangasmerkit.com\/#website"},"datePublished":"2018-04-13T13:22:21+00:00","dateModified":"2023-01-12T17:53:05+00:00","breadcrumb":{"@id":"https:\/\/kangasmerkit.com\/sv\/offertforfragan\/#breadcrumb"},"inLanguage":"sv-SE","potentialAction":[{"@type":"ReadAction","target":["https:\/\/kangasmerkit.com\/sv\/offertforfragan\/"]}]},{"@type":"BreadcrumbList","@id":"https:\/\/kangasmerkit.com\/sv\/offertforfragan\/#breadcrumb","itemListElement":[{"@type":"ListItem","position":1,"name":"Etusivu","item":"https:\/\/kangasmerkit.com\/sv\/"},{"@type":"ListItem","position":2,"name":"Offertf\u00f6rfr\u00e5gan"}]},{"@type":"WebSite","@id":"https:\/\/kangasmerkit.com\/#website","url":"https:\/\/kangasmerkit.com\/","name":"Kangasmerkit.com","description":"Kangasmerkit edullisesti ja luotettavasti","potentialAction":[{"@type":"SearchAction","target":{"@type":"EntryPoint","urlTemplate":"https:\/\/kangasmerkit.com\/?s={search_term_string}"},"query-input":{"@type":"PropertyValueSpecification","valueRequired":true,"valueName":"search_term_string"}}],"inLanguage":"sv-SE"}]}},"_links":{"self":[{"href":"https:\/\/kangasmerkit.com\/sv\/wp-json\/wp\/v2\/pages\/191","targetHints":{"allow":["GET"]}}],"collection":[{"href":"https:\/\/kangasmerkit.com\/sv\/wp-json\/wp\/v2\/pages"}],"about":[{"href":"https:\/\/kangasmerkit.com\/sv\/wp-json\/wp\/v2\/types\/page"}],"author":[{"embeddable":true,"href":"https:\/\/kangasmerkit.com\/sv\/wp-json\/wp\/v2\/users\/1"}],"replies":[{"embeddable":true,"href":"https:\/\/kangasmerkit.com\/sv\/wp-json\/wp\/v2\/comments?post=191"}],"version-history":[{"count":4,"href":"https:\/\/kangasmerkit.com\/sv\/wp-json\/wp\/v2\/pages\/191\/revisions"}],"predecessor-version":[{"id":290,"href":"https:\/\/kangasmerkit.com\/sv\/wp-json\/wp\/v2\/pages\/191\/revisions\/290"}],"wp:attachment":[{"href":"https:\/\/kangasmerkit.com\/sv\/wp-json\/wp\/v2\/media?parent=191"}],"curies":[{"name":"wp","href":"https:\/\/api.w.org\/{rel}","templated":true}]}}